{"id":2,"date":"2010-12-06T20:48:13","date_gmt":"2010-12-06T19:48:13","guid":{"rendered":"http:\/\/silink.fr\/contenu\/\/?page_id=2"},"modified":"2011-01-11T21:49:29","modified_gmt":"2011-01-11T20:49:29","slug":"about","status":"publish","type":"page","link":"https:\/\/www.silink.fr\/contenu\/?page_id=2","title":{"rendered":"A PROPOS"},"content":{"rendered":"<p><span style=\"font-family: Lucida Grande,Helvetica,Arial,sans-serif; color: rgb(147, 147, 147); font-size: medium;\"><strong>Historique<\/strong><\/span><br \/>\nDepuis sa cr\u00e9ation en 1998 SILINK \u00e0 fourni des dizaines milliers de pi\u00e8ces aux grands constructeurs nationaux (COM One, Pny, Sagem, Schneider Electric, &#8230;).<br \/>\nLa fourniture aux usines de productions portait sur :<br \/>\n&#8211; le flashage (FPGA, EPROM\/E2PROM, GAL, FLASH, MICROCONTROLEURS,&#8230;) avec des empreintes vari\u00e9es (BGA, DIL, PLCC, QFP, SOIC, &#8230;)<br \/>\n&#8211; l&rsquo;\u00e9tiquetage (kapton, polyester)<br \/>\n&#8211; le conditionnement (bande, plateau, tube).<\/p>\n<p>La venue des produits ISP nous \u00e0 amen\u00e9 \u00e0 promouvoir la branche R&#038;D pour la conception et l&rsquo;industrialisation de solutions globales.<br \/>\nQuittant les anciennes technologies (Motorola 68000, Intel 8085, 8086, 8031) nous nous sommes orient\u00e9s vers les technologies novatrices offertes chez ARM (<a href=\"http:\/\/www.arm.com\/\">http:\/\/www.arm.com<\/a>).<\/p>\n<p>En 2002 la soci\u00e9t\u00e9 d\u00e9veloppa un assistant personnel (PDA) avec un StrongARM \u00e0 206Mhz. Ce PDA fut pr\u00e9sent\u00e9 au Cebit d&rsquo;Hannovre en 2003 et \u00e9tait le premier PDA sous linux.<\/p>\n<p>En 2003 nous avons commenc\u00e9 la distribution de la gamme de PC industriels.<\/p>\n<p>En 2004 nous avons r\u00e9alis\u00e9 une carte SBC \u00e0 base de Intel PXA 255 \u00e0 400Mhz.<\/p>\n<p>En 2007 nous mettons en \u0153uvre le syst\u00e8me de positionnement par satellite RTK sur les v\u00e9hicules.<\/p>\n<p><span style=\"font-family: Lucida Grande,Helvetica,Arial,sans-serif; color: rgb(147, 147, 147); font-size: medium;\"><strong>Aujourd&rsquo;hui<\/strong><\/span><br \/>\nDepuis nous vous proposons :<br \/>\n&#8211; une tr\u00e8s large gamme de PC industriels, Panel PC, Rack 19\u00a0\u00bb<br \/>\n&#8211; des r\u00e9alisations sur mesure \u00e0 base des ARM Cortex les plus performants du moment (Cortex A8, Cortex M3 et M4)<\/p>\n<p>Vous trouverez donc un important choix de :<br \/>\n&#8211; mini PC<br \/>\n&#8211; Panel PC<br \/>\n&#8211; PC embarqu\u00e9s<br \/>\n&#8211; barebones<br \/>\n&#8211; panneau d\u2019affichage<br \/>\n&#8211; Rack 19\u00a0\u00bb<br \/>\n&#8211; cartes sp\u00e9cifiques (sbc, contr\u00f4le mesure, asservissement, etc)<\/p>\n<p><span style=\"font-family: Lucida Grande,Helvetica,Arial,sans-serif; color: rgb(147, 147, 147); font-size: medium;\"><strong>Secteurs d&rsquo;activit\u00e9s<\/strong><\/span><br \/>\nA\u00e9ronautique, agriculture, armement, automatisme, domotique, \u00e9nergie,  environnement, grande distribution, laboratoires, logistique, marine,  production, recherche, supervision, vid\u00e9o, t\u00e9l\u00e9communications,  transport.<\/p>\n<p><span style=\"font-family: Lucida Grande,Helvetica,Arial,sans-serif; color: rgb(147, 147, 147); font-size: medium;\"><strong>Applications courantes<\/strong><\/span><br \/>\n&#8211; r\u00e9seau :  client l\u00e9ger, firewall, serveur, VPN<br \/>\n&#8211; multim\u00e9dia : STB, VOD, m\u00e9dia center<br \/>\n&#8211; points de vente : POS, kioske<br \/>\n&#8211; surveillance : ATM, contr\u00f4le d\u2019acc\u00e8s, t\u00e9l\u00e9surveillance<br \/>\n&#8211; embarqu\u00e9 : automation, syst\u00e8mes enfouis, v\u00e9hicules<\/p>\n","protected":false},"excerpt":{"rendered":"<p>Historique<br \/>\nDepuis sa cr\u00e9ation en 1998 SILINK \u00e0 fourni des dizaines milliers de pi\u00e8ces aux grands constructeurs nationaux (COM One, Pny, Sagem, Schneider Electric, &#8230;).<br \/>\nLa fourniture aux usines de productions portait sur :<br \/>\n&#8211; le flashage (FPGA, EPROM\/E2PROM, GAL, FLASH, MICROCONTROLEURS,&#8230;) avec des empreintes vari\u00e9es (BGA, DIL, PLCC, QFP, SOIC, &#8230;)<br \/>\n&#8211; l&rsquo;\u00e9tiquetage (kapton, polyester)<br \/>\n&#8211; le conditionnement (bande, [&#8230;]<\/p>\n","protected":false},"author":2,"featured_media":0,"parent":0,"menu_order":25,"comment_status":"closed","ping_status":"closed","template":"page_full.php","meta":[],"_links":{"self":[{"href":"https:\/\/www.silink.fr\/contenu\/index.php?rest_route=\/wp\/v2\/pages\/2"}],"collection":[{"href":"https:\/\/www.silink.fr\/contenu\/index.php?rest_route=\/wp\/v2\/pages"}],"about":[{"href":"https:\/\/www.silink.fr\/contenu\/index.php?rest_route=\/wp\/v2\/types\/page"}],"author":[{"embeddable":true,"href":"https:\/\/www.silink.fr\/contenu\/index.php?rest_route=\/wp\/v2\/users\/2"}],"replies":[{"embeddable":true,"href":"https:\/\/www.silink.fr\/contenu\/index.php?rest_route=%2Fwp%2Fv2%2Fcomments&post=2"}],"version-history":[{"count":16,"href":"https:\/\/www.silink.fr\/contenu\/index.php?rest_route=\/wp\/v2\/pages\/2\/revisions"}],"predecessor-version":[{"id":997,"href":"https:\/\/www.silink.fr\/contenu\/index.php?rest_route=\/wp\/v2\/pages\/2\/revisions\/997"}],"wp:attachment":[{"href":"https:\/\/www.silink.fr\/contenu\/index.php?rest_route=%2Fwp%2Fv2%2Fmedia&parent=2"}],"curies":[{"name":"wp","href":"https:\/\/api.w.org\/{rel}","templated":true}]}}