{"id":209,"date":"2010-12-19T22:09:18","date_gmt":"2010-12-19T21:09:18","guid":{"rendered":"http:\/\/silink.fr\/contenu\/?page_id=209"},"modified":"2021-06-07T11:56:35","modified_gmt":"2021-06-07T09:56:35","slug":"silink","status":"publish","type":"page","link":"https:\/\/www.silink.fr\/contenu\/?page_id=209","title":{"rendered":"Qui sommes nous"},"content":{"rendered":"<p><span style=\"font-family: Lucida Grande,Helvetica,Arial,sans-serif; color: #939393; font-size: medium;\"><strong>Milestones<br \/>\n<\/strong><\/span><br \/>\n1998: cr\u00e9ation de SILINK, programmation de milliers de pi\u00e8ces aux grands constructeurs \u00e9lectronique\u00a0 (firmware pour COM One, Pny, Sagem, Schneider Electric, &#8230;)<\/p>\n<p>2002: cr\u00e9ation d&rsquo;un assistant personnel (PDA) avec un Intel StrongARM pr\u00e9sent\u00e9 au Cebit d&rsquo;Hannovre en 2003, premier PDA sous linux<\/p>\n<p>2003: lancement des gammes PC et racks industriels<\/p>\n<p>2004: r\u00e9alisation d&rsquo;une carte SBC \u00e0 base de Intel PXA 255 \u00e0 400Mhz destin\u00e9e au mesures sismiques<\/p>\n<p><span style=\"font-family: Lucida Grande,Helvetica,Arial,sans-serif; color: #939393; font-size: medium;\"><strong>Nos secteurs d&rsquo;activit\u00e9s<\/strong><\/span><br \/>\nA\u00e9ronautique,\u00a0 armement, automatisme, domotique, \u00e9nergie, environnement, grande distribution, laboratoires, logistique, marine, production, recherche, supervision, vid\u00e9o, t\u00e9l\u00e9communications, transport.<\/p>\n<p><span style=\"font-family: Lucida Grande,Helvetica,Arial,sans-serif; color: #939393; font-size: medium;\"><strong>\u00a0<\/strong><\/span><\/p>\n","protected":false},"excerpt":{"rendered":"<p>Milestones<\/p>\n<p>1998: cr\u00e9ation de SILINK, programmation de milliers de pi\u00e8ces aux grands constructeurs \u00e9lectronique\u00a0 (firmware pour COM One, Pny, Sagem, Schneider Electric, &#8230;)<br \/>\n2002: cr\u00e9ation d&rsquo;un assistant personnel (PDA) avec un Intel StrongARM pr\u00e9sent\u00e9 au Cebit d&rsquo;Hannovre en 2003, premier PDA sous linux<br \/>\n2003: lancement des gammes PC et racks industriels<br \/>\n2004: r\u00e9alisation d&rsquo;une carte SBC \u00e0 base de [&#8230;]<\/p>\n","protected":false},"author":2,"featured_media":0,"parent":2,"menu_order":0,"comment_status":"closed","ping_status":"closed","template":"page_full.php","meta":[],"_links":{"self":[{"href":"https:\/\/www.silink.fr\/contenu\/index.php?rest_route=\/wp\/v2\/pages\/209"}],"collection":[{"href":"https:\/\/www.silink.fr\/contenu\/index.php?rest_route=\/wp\/v2\/pages"}],"about":[{"href":"https:\/\/www.silink.fr\/contenu\/index.php?rest_route=\/wp\/v2\/types\/page"}],"author":[{"embeddable":true,"href":"https:\/\/www.silink.fr\/contenu\/index.php?rest_route=\/wp\/v2\/users\/2"}],"replies":[{"embeddable":true,"href":"https:\/\/www.silink.fr\/contenu\/index.php?rest_route=%2Fwp%2Fv2%2Fcomments&post=209"}],"version-history":[{"count":32,"href":"https:\/\/www.silink.fr\/contenu\/index.php?rest_route=\/wp\/v2\/pages\/209\/revisions"}],"predecessor-version":[{"id":1125,"href":"https:\/\/www.silink.fr\/contenu\/index.php?rest_route=\/wp\/v2\/pages\/209\/revisions\/1125"}],"up":[{"embeddable":true,"href":"https:\/\/www.silink.fr\/contenu\/index.php?rest_route=\/wp\/v2\/pages\/2"}],"wp:attachment":[{"href":"https:\/\/www.silink.fr\/contenu\/index.php?rest_route=%2Fwp%2Fv2%2Fmedia&parent=209"}],"curies":[{"name":"wp","href":"https:\/\/api.w.org\/{rel}","templated":true}]}}