{"id":471,"date":"2011-01-01T21:12:22","date_gmt":"2011-01-01T20:12:22","guid":{"rendered":"http:\/\/silink.fr\/contenu\/?page_id=471"},"modified":"2017-08-09T01:09:27","modified_gmt":"2017-08-08T23:09:27","slug":"technologie-rtk","status":"publish","type":"page","link":"https:\/\/www.silink.fr\/contenu\/?page_id=471","title":{"rendered":"Technologie RTK"},"content":{"rendered":"<table style=\"text-align: left; width: 900px; height: 600px;\" border=\"0\" cellspacing=\"20\" cellpadding=\"2\">\n<tbody>\n<tr>\n<td style=\"vertical-align: top; width: 600px;\"><span style=\"font-family: Lucida Grande,Helvetica,Arial,sans-serif; color: #939393; font-size: medium;\"><strong>Real Time Kinematic<\/strong><\/span><br \/>\nLa technologie <strong>RTK<\/strong>, ou cin\u00e9matique en temps r\u00e9el, permet une mesure par satellite avec correction d&rsquo;erreurs, et fournit une pr\u00e9cision centim\u00e9trique.<\/p>\n<p>Les calculs de distances s&rsquo;effectuent \u00e0 partir des signaux re\u00e7us de satellites :<\/p>\n<ol>\n<li><strong>GPS<\/strong> : syst\u00e8me am\u00e9ricain (Glopal Positionning System)<\/li>\n<li><strong>GLONASS<\/strong> : syst\u00e8me Russe (GLObal NAvigation Satellite System)<\/li>\n<li><strong>GALILEO<\/strong> : syst\u00e8me Europ\u00e9en prochainement mis en service<\/li>\n<\/ol>\n<p>Le r\u00e9cepteur mobile re\u00e7oit l&rsquo;\u00e9mission des satellites avec des erreurs variables dues \u00e0 la travers\u00e9e de la troposph\u00e8re et de la ionosph\u00e8re.<br \/>\nPour garantir la pr\u00e9cision centim\u00e8trique on utilisera une station de r\u00e9f\u00e9rence fixe appel\u00e9e <strong>VRS <\/strong>(Virtuel Reference Station). Elle peut \u00eatre locale (voir photo ci-contre), soit \u00e0 distance.Sont co\u00fbt d&rsquo;utilisation est soit gratuit, soit avec abonnement le cas \u00e9ch\u00e9ant.<br \/>\nLa VRS calculera l&rsquo;erreur et enverra en temps r\u00e9el les corrections diff\u00e9rentielles \u00e0 l&rsquo;\u00e9quipement mobile.<\/p>\n<p>La VRS communique avec le v\u00e9hicule :<\/p>\n<ul>\n<li>GSM GPRS : couvre de grandes distances mais reste sujet \u00e0 la perte de connexion car les  r\u00e9seaux ne couvrent pas 100% du territoire (vall\u00e9es, montagnes).<\/li>\n<li>Modem radio : utilisable sur une distance importante (avec les limites d&rsquo;une  \u00e9mission radio en cas de terrain vallonn\u00e9 ou en pr\u00e9sence d&rsquo;arbres).<br \/>\nCette solution ind\u00e9pendante et fiable vous procurera l&rsquo;autonomie.<\/li>\n<\/ul>\n<\/td>\n<td style=\"width: 300px;\"><img src=\"images\/globe-anime2.gif\" alt=\"\" \/> <img src=\"images\/satellite1.jpg\" alt=\"\" \/><\/p>\n<p><span style=\"font-family: Lucida Grande,Helvetica,Arial,sans-serif; color: #939393; font-size: medium;\"><strong>Exemples de mat\u00e9riels :<br \/>\n<\/strong><\/span><\/p>\n<p><img src=\"images\/gps\/RTK-station1.jpg\" alt=\"gps\" \/><br \/>\nStation fixe (VRS)<\/p>\n<p><img src=\"images\/gps\/RTK-barre.jpg\" alt=\"gps\" \/><br \/>\nGPS de toit avec radio int\u00e9gr\u00e9e<\/td>\n<\/tr>\n<\/tbody>\n<\/table>\n","protected":false},"excerpt":{"rendered":"<p>Real Time Kinematic<br \/>\nLa technologie RTK, ou cin\u00e9matique en temps r\u00e9el, permet une mesure par satellite avec correction d&rsquo;erreurs, et fournit une pr\u00e9cision centim\u00e9trique.<br \/>\nLes calculs de distances s&rsquo;effectuent \u00e0 partir des signaux re\u00e7us de satellites :<\/p>\n<p>GPS : syst\u00e8me am\u00e9ricain (Glopal Positionning System)<br \/>\nGLONASS : syst\u00e8me Russe (GLObal NAvigation Satellite System)<br \/>\nGALILEO : syst\u00e8me Europ\u00e9en prochainement mis en service<\/p>\n<p>Le [&#8230;]<\/p>\n","protected":false},"author":2,"featured_media":0,"parent":422,"menu_order":2,"comment_status":"closed","ping_status":"closed","template":"page_full.php","meta":[],"_links":{"self":[{"href":"https:\/\/www.silink.fr\/contenu\/index.php?rest_route=\/wp\/v2\/pages\/471"}],"collection":[{"href":"https:\/\/www.silink.fr\/contenu\/index.php?rest_route=\/wp\/v2\/pages"}],"about":[{"href":"https:\/\/www.silink.fr\/contenu\/index.php?rest_route=\/wp\/v2\/types\/page"}],"author":[{"embeddable":true,"href":"https:\/\/www.silink.fr\/contenu\/index.php?rest_route=\/wp\/v2\/users\/2"}],"replies":[{"embeddable":true,"href":"https:\/\/www.silink.fr\/contenu\/index.php?rest_route=%2Fwp%2Fv2%2Fcomments&post=471"}],"version-history":[{"count":59,"href":"https:\/\/www.silink.fr\/contenu\/index.php?rest_route=\/wp\/v2\/pages\/471\/revisions"}],"predecessor-version":[{"id":775,"href":"https:\/\/www.silink.fr\/contenu\/index.php?rest_route=\/wp\/v2\/pages\/471\/revisions\/775"}],"up":[{"embeddable":true,"href":"https:\/\/www.silink.fr\/contenu\/index.php?rest_route=\/wp\/v2\/pages\/422"}],"wp:attachment":[{"href":"https:\/\/www.silink.fr\/contenu\/index.php?rest_route=%2Fwp%2Fv2%2Fmedia&parent=471"}],"curies":[{"name":"wp","href":"https:\/\/api.w.org\/{rel}","templated":true}]}}