{"id":51,"date":"2010-12-10T12:29:28","date_gmt":"2010-12-10T11:29:28","guid":{"rendered":"http:\/\/silink.fr\/contenu\/?page_id=51"},"modified":"2013-10-03T11:53:53","modified_gmt":"2013-10-03T09:53:53","slug":"signalisation","status":"publish","type":"page","link":"https:\/\/www.silink.fr\/contenu\/?page_id=51","title":{"rendered":"SPECIFIQUE"},"content":{"rendered":"<p>Silink con\u00e7oit r\u00e9alise et industrialise les projets liant \u00e9lectronique et informatique.<br \/>\nLes derniers processeurs vous seront propos\u00e9s :<\/p>\n<ul>\n<li>Intel Marvell PXA<\/li>\n<li>Cortex A8 A9<\/li>\n<li>Cortex M0, M3, M4 (DSP)<br \/>\n&#8230;<\/li>\n<\/ul>\n<p>Chaque projet est qualifi\u00e9 et quantifi\u00e9 en terme de co\u00fbt et d\u00e9lai.<br \/>\nUn diagramme de GANTT jalonnera les processus.<\/p>\n<p>Technologies propos\u00e9es :<\/p>\n<p><strong>Affichage :<\/strong><\/p>\n<ul>\n<li>AMOLED<\/li>\n<li>OLED<\/li>\n<li>TFT<\/li>\n<\/ul>\n<p><strong>Agriculture de pr\u00e9cision :<\/strong><\/p>\n<ul>\n<li>GPS RTK (pr\u00e9cision centim\u00e9trique)<\/li>\n<\/ul>\n<p><strong>Communication filaire :<\/strong><\/p>\n<ul>\n<li>CAN<\/li>\n<li>Courant porteur PLC<\/li>\n<li>Ethernet<\/li>\n<li>RS323\/422\/485<\/li>\n<\/ul>\n<p><strong>Communication sans fil (wireless) :<\/strong><\/p>\n<ul>\n<li>Bluetooth<\/li>\n<li>GSM\/GPRS<\/li>\n<li>RFID<\/li>\n<li>RTC<\/li>\n<li>Zigbee<\/li>\n<li>Wifi<\/li>\n<\/ul>\n<p><strong>Mouvement :<\/strong><\/p>\n<ul>\n<li>Acc\u00e9l\u00e9rom\u00e8tre<\/li>\n<li>Centrale inertielle<\/li>\n<li>Contr\u00f4leur multi axes hydrauliques<\/li>\n<li>Inclinom\u00e8tre de pr\u00e9cision<\/li>\n<li>Gyroscope<\/li>\n<\/ul>\n<p><strong>Divers :<\/strong><\/p>\n<ul>\n<li>carte \u00e0 puce ISO7816<\/li>\n<li>fingertouch<\/li>\n<\/ul>\n","protected":false},"excerpt":{"rendered":"<p>Silink con\u00e7oit r\u00e9alise et industrialise les projets liant \u00e9lectronique et informatique.<br \/>\nLes derniers processeurs vous seront propos\u00e9s :<\/p>\n<p>Intel Marvell PXA<br \/>\nCortex A8 A9<br \/>\nCortex M0, M3, M4 (DSP)<br \/>\n&#8230;<\/p>\n<p>Chaque projet est qualifi\u00e9 et quantifi\u00e9 en terme de co\u00fbt et d\u00e9lai.<br \/>\nUn diagramme de GANTT jalonnera les processus.<br \/>\nTechnologies propos\u00e9es :<br \/>\nAffichage :<\/p>\n<p>AMOLED<br \/>\nOLED<br \/>\nTFT<\/p>\n<p>Agriculture de pr\u00e9cision :<\/p>\n<p>GPS RTK (pr\u00e9cision centim\u00e9trique)<\/p>\n<p>Communication filaire :<\/p>\n<p>CAN<br \/>\nCourant porteur PLC<br \/>\nEthernet<br \/>\nRS323\/422\/485<\/p>\n<p>Communication [&#8230;]<\/p>\n","protected":false},"author":2,"featured_media":0,"parent":240,"menu_order":0,"comment_status":"closed","ping_status":"closed","template":"page_full.php","meta":[],"_links":{"self":[{"href":"https:\/\/www.silink.fr\/contenu\/index.php?rest_route=\/wp\/v2\/pages\/51"}],"collection":[{"href":"https:\/\/www.silink.fr\/contenu\/index.php?rest_route=\/wp\/v2\/pages"}],"about":[{"href":"https:\/\/www.silink.fr\/contenu\/index.php?rest_route=\/wp\/v2\/types\/page"}],"author":[{"embeddable":true,"href":"https:\/\/www.silink.fr\/contenu\/index.php?rest_route=\/wp\/v2\/users\/2"}],"replies":[{"embeddable":true,"href":"https:\/\/www.silink.fr\/contenu\/index.php?rest_route=%2Fwp%2Fv2%2Fcomments&post=51"}],"version-history":[{"count":19,"href":"https:\/\/www.silink.fr\/contenu\/index.php?rest_route=\/wp\/v2\/pages\/51\/revisions"}],"predecessor-version":[{"id":1032,"href":"https:\/\/www.silink.fr\/contenu\/index.php?rest_route=\/wp\/v2\/pages\/51\/revisions\/1032"}],"up":[{"embeddable":true,"href":"https:\/\/www.silink.fr\/contenu\/index.php?rest_route=\/wp\/v2\/pages\/240"}],"wp:attachment":[{"href":"https:\/\/www.silink.fr\/contenu\/index.php?rest_route=%2Fwp%2Fv2%2Fmedia&parent=51"}],"curies":[{"name":"wp","href":"https:\/\/api.w.org\/{rel}","templated":true}]}}