{"id":70,"date":"2010-12-18T19:58:45","date_gmt":"2010-12-18T18:58:45","guid":{"rendered":"http:\/\/silink.fr\/contenu\/?page_id=70"},"modified":"2020-05-30T23:14:17","modified_gmt":"2020-05-30T21:14:17","slug":"contact","status":"publish","type":"page","link":"https:\/\/www.silink.fr\/contenu\/?page_id=70","title":{"rendered":"CONTACT"},"content":{"rendered":"<p><img loading=\"lazy\" class=\"alignright size-full wp-image-73\" title=\"azur0811130140\" src=\"http:\/\/silink.fr\/contenu\/wp-content\/uploads\/2010\/12\/azur0811130140.gif\" alt=\"telephonne\" width=\"174\" height=\"26\" \/><\/p>\n<table style=\"text-align: left; height: 479px;\" border=\"0\" width=\"714\" cellspacing=\"2\" cellpadding=\"3\">\n<tbody>\n<tr>\n<td style=\"vertical-align: top; width: 500px;\"><span style=\"font-family: Lucida Grande,Helvetica,Arial,sans-serif; color: #939393; font-size: medium;\"><strong>S I L I N K<\/strong><\/span><br \/>\nT\u00e9l : 0811 130 140<br \/>\nFax : 0826 169 767<br \/>\nRCS B421221581<br \/>\nTVA intracom FR68421221581<\/p>\n<p><strong>Si\u00e8ge<\/strong><br \/>\n13 rue Pomeys<br \/>\n33320 Le Taillan<\/p>\n<p><strong>Agence<\/strong><br \/>\nEurocentre<br \/>\n31620 Villeneuve les Bouloc<\/td>\n<td style=\"vertical-align: top; width: 500px;\"><div role=\"form\" class=\"wpcf7\" id=\"wpcf7-f1044-o1\" lang=\"en-US\" dir=\"ltr\">\n<div class=\"screen-reader-response\" aria-live=\"polite\"><\/div>\n<form action=\"\/contenu\/index.php?rest_route=%2Fwp%2Fv2%2Fpages%2F70#wpcf7-f1044-o1\" method=\"post\" class=\"wpcf7-form\" novalidate=\"novalidate\">\n<div style=\"display: none;\">\n<input type=\"hidden\" name=\"_wpcf7\" value=\"1044\" \/>\n<input type=\"hidden\" name=\"_wpcf7_version\" value=\"5.1.9\" \/>\n<input type=\"hidden\" name=\"_wpcf7_locale\" value=\"en_US\" \/>\n<input type=\"hidden\" name=\"_wpcf7_unit_tag\" value=\"wpcf7-f1044-o1\" \/>\n<input type=\"hidden\" name=\"_wpcf7_container_post\" value=\"0\" \/>\n<\/div>\n<p>Votre nom (obligatoire)<br \/>\n    <span class=\"wpcf7-form-control-wrap your-name\"><input type=\"text\" name=\"your-name\" value=\"\" size=\"40\" class=\"wpcf7-form-control wpcf7-text wpcf7-validates-as-required\" aria-required=\"true\" aria-invalid=\"false\" \/><\/span> <\/label><\/p>\n<p>Votre adresse de messagerie (obligatoire)<br \/>\n    <span class=\"wpcf7-form-control-wrap your-email\"><input type=\"email\" name=\"your-email\" value=\"\" size=\"40\" class=\"wpcf7-form-control wpcf7-text wpcf7-email wpcf7-validates-as-required wpcf7-validates-as-email\" aria-required=\"true\" aria-invalid=\"false\" \/><\/span> <\/label><\/p>\n<p>Objet<br \/>\n    <span class=\"wpcf7-form-control-wrap your-subject\"><input type=\"text\" name=\"your-subject\" value=\"\" size=\"40\" class=\"wpcf7-form-control wpcf7-text\" aria-invalid=\"false\" \/><\/span> <\/label><\/p>\n<p>Votre message<br \/>\n    <span class=\"wpcf7-form-control-wrap your-message\"><textarea name=\"your-message\" cols=\"40\" rows=\"10\" class=\"wpcf7-form-control wpcf7-textarea\" aria-invalid=\"false\"><\/textarea><\/span> <\/label><\/p>\n<p><span class=\"wpcf7-form-control-wrap acceptance-119\"><span class=\"wpcf7-form-control wpcf7-acceptance\"><span class=\"wpcf7-list-item\"><label><input type=\"checkbox\" name=\"acceptance-119\" value=\"1\" aria-invalid=\"false\" \/><span class=\"wpcf7-list-item-label\">En cochant cette case, j\u2019accepte que mes coordonn\u00e9es soient utilis\u00e9es afin d'obtenir une r\u00e9ponse \u00e0 ma demande.<\/span><\/label><\/span><\/span><\/span><\/label><br \/>\n<br\/><br \/>\n<input type=\"submit\" value=\"Envoyer\" class=\"wpcf7-form-control wpcf7-submit\" \/><\/p>\n<div class=\"wpcf7-response-output wpcf7-display-none\" aria-hidden=\"true\"><\/div><\/form><\/div><\/td>\n<\/tr>\n<\/tbody>\n<\/table>\n","protected":false},"excerpt":{"rendered":"<p>S I L I N K<br \/>\nT\u00e9l : 0811 130 140<br \/>\nFax : 0826 169 767<br \/>\nRCS B421221581<br \/>\nTVA intracom FR68421221581<br \/>\nSi\u00e8ge<br \/>\n13 rue Pomeys<br \/>\n33320 Le Taillan<br \/>\nAgence<br \/>\nEurocentre<br \/>\n31620 Villeneuve les Bouloc<\/p>\n","protected":false},"author":2,"featured_media":0,"parent":2,"menu_order":30,"comment_status":"closed","ping_status":"closed","template":"page_full.php","meta":[],"_links":{"self":[{"href":"https:\/\/www.silink.fr\/contenu\/index.php?rest_route=\/wp\/v2\/pages\/70"}],"collection":[{"href":"https:\/\/www.silink.fr\/contenu\/index.php?rest_route=\/wp\/v2\/pages"}],"about":[{"href":"https:\/\/www.silink.fr\/contenu\/index.php?rest_route=\/wp\/v2\/types\/page"}],"author":[{"embeddable":true,"href":"https:\/\/www.silink.fr\/contenu\/index.php?rest_route=\/wp\/v2\/users\/2"}],"replies":[{"embeddable":true,"href":"https:\/\/www.silink.fr\/contenu\/index.php?rest_route=%2Fwp%2Fv2%2Fcomments&post=70"}],"version-history":[{"count":43,"href":"https:\/\/www.silink.fr\/contenu\/index.php?rest_route=\/wp\/v2\/pages\/70\/revisions"}],"predecessor-version":[{"id":1112,"href":"https:\/\/www.silink.fr\/contenu\/index.php?rest_route=\/wp\/v2\/pages\/70\/revisions\/1112"}],"up":[{"embeddable":true,"href":"https:\/\/www.silink.fr\/contenu\/index.php?rest_route=\/wp\/v2\/pages\/2"}],"wp:attachment":[{"href":"https:\/\/www.silink.fr\/contenu\/index.php?rest_route=%2Fwp%2Fv2%2Fmedia&parent=70"}],"curies":[{"name":"wp","href":"https:\/\/api.w.org\/{rel}","templated":true}]}}