{"id":9,"date":"2010-12-09T17:40:29","date_gmt":"2010-12-09T16:40:29","guid":{"rendered":"http:\/\/silink.fr\/contenu\/?page_id=9"},"modified":"2013-10-03T11:52:30","modified_gmt":"2013-10-03T09:52:30","slug":"services","status":"publish","type":"page","link":"https:\/\/www.silink.fr\/contenu\/?page_id=9","title":{"rendered":"Services"},"content":{"rendered":"<p>Conception, r\u00e9alisation et industrialisation de syst\u00e8mes \u00e9lectroniques.<\/p>\n<p>Processeurs 32 bits :<br \/>\n&#8211; Intel PXA<br \/>\n&#8211; ARM Cortex M3, M4<br \/>\n&#8230;<\/p>\n<p>Les projets sont qualifi\u00e9s et quantifi\u00e9s en terme de co\u00fbts et d\u00e9lais.<br \/>\nUn diagramme de Gantt\u00a0 jalonne le process et permet de valider les \u00e9tapes dans les temps impartis.<\/p>\n<p>Nos r\u00e9alisations font appel \u00e0 l&rsquo;\u00e9lectronique num\u00e9rique et analogique, avec une prise en compte permanente de la consommation, du faible encombrement et de l&rsquo;industrialisation.<\/p>\n<p>Exemples de technologies :<br \/>\n&#8211; contr\u00f4leurs d&rsquo;axes<br \/>\n&#8211; communication : CAN bus, courant porteur PLC, ethernet, RS232\/422\/485, USB<br \/>\n&#8211; \u00e9crans : AMOLED\/OLED\/TFT<br \/>\n&#8211; positionnement : GPS, GPS RTK (pr\u00e9cision centim\u00e8trique)<br \/>\n&#8211; reconnaissance : biom\u00e9trie<br \/>\n&#8211; wireless : bluetooth, RFID, WiFi, ZigBee<\/p>\n","protected":false},"excerpt":{"rendered":"<p>Conception, r\u00e9alisation et industrialisation de syst\u00e8mes \u00e9lectroniques.<br \/>\nProcesseurs 32 bits :<br \/>\n&#8211; Intel PXA<br \/>\n&#8211; ARM Cortex M3, M4<br \/>\n&#8230;<br \/>\nLes projets sont qualifi\u00e9s et quantifi\u00e9s en terme de co\u00fbts et d\u00e9lais.<br \/>\nUn diagramme de Gantt\u00a0 jalonne le process et permet de valider les \u00e9tapes dans les temps impartis.<br \/>\nNos r\u00e9alisations font appel \u00e0 l&rsquo;\u00e9lectronique num\u00e9rique et analogique, avec une prise en [&#8230;]<\/p>\n","protected":false},"author":2,"featured_media":0,"parent":240,"menu_order":0,"comment_status":"closed","ping_status":"closed","template":"page_full.php","meta":[],"_links":{"self":[{"href":"https:\/\/www.silink.fr\/contenu\/index.php?rest_route=\/wp\/v2\/pages\/9"}],"collection":[{"href":"https:\/\/www.silink.fr\/contenu\/index.php?rest_route=\/wp\/v2\/pages"}],"about":[{"href":"https:\/\/www.silink.fr\/contenu\/index.php?rest_route=\/wp\/v2\/types\/page"}],"author":[{"embeddable":true,"href":"https:\/\/www.silink.fr\/contenu\/index.php?rest_route=\/wp\/v2\/users\/2"}],"replies":[{"embeddable":true,"href":"https:\/\/www.silink.fr\/contenu\/index.php?rest_route=%2Fwp%2Fv2%2Fcomments&post=9"}],"version-history":[{"count":20,"href":"https:\/\/www.silink.fr\/contenu\/index.php?rest_route=\/wp\/v2\/pages\/9\/revisions"}],"predecessor-version":[{"id":11,"href":"https:\/\/www.silink.fr\/contenu\/index.php?rest_route=\/wp\/v2\/pages\/9\/revisions\/11"}],"up":[{"embeddable":true,"href":"https:\/\/www.silink.fr\/contenu\/index.php?rest_route=\/wp\/v2\/pages\/240"}],"wp:attachment":[{"href":"https:\/\/www.silink.fr\/contenu\/index.php?rest_route=%2Fwp%2Fv2%2Fmedia&parent=9"}],"curies":[{"name":"wp","href":"https:\/\/api.w.org\/{rel}","templated":true}]}}